{"id":1983,"date":"2026-04-17T07:34:21","date_gmt":"2026-04-17T07:34:21","guid":{"rendered":"https:\/\/sanierung.spruettenhuus.de\/?post_type=product&#038;p=1983"},"modified":"2026-04-30T05:42:43","modified_gmt":"2026-04-30T05:42:43","slug":"dickes-brett-jubilaeum","status":"publish","type":"product","link":"https:\/\/sanierung.spruettenhuus.de\/index.php\/produkt\/dickes-brett-jubilaeum\/","title":{"rendered":"Dickes Brett &#8211; Jubil\u00e4um"},"content":{"rendered":"<p data-start=\"78\" data-end=\"440\">Das \u201eDicke Brett\u201c ist weit mehr als nur ein Geschenk \u2013 es ist ein echtes Unikat aus liebevoller Handarbeit. In einer kleinen Hobbywerkstatt entsteht aus einer s\u00e4gerauen Eichenbohle Schritt f\u00fcr Schritt ein massives Holzbrett mit Eichenlaub und Zahl als Bildmotiv, veredelt durch eine edle Goldlackierung und eine gravierte Widmungsplatte im Messinglook mit Wunschtext.<\/p>\n<p data-start=\"442\" data-end=\"664\">Dank der dezent eingearbeiteten \u00d6sen auf der R\u00fcckseite l\u00e4sst sich dein \u201eDickes Brett\u201c m\u00fchelos an der Wand pr\u00e4sentieren \u2013 und wird so zu einem besonderen Blickfang, der Geschichten erz\u00e4hlt und Erinnerungen stilvoll bewahrt.<\/p>\n<p>Das \u201eDicke Brett\u201c-Jubil\u00e4um wird auf Anfrage individuell f\u00fcr dich gefertigt \u2013 mit frei w\u00e4hlbaren Farbvariationen des Eichenlaubes und der Jahreszahl, pers\u00f6nlichen Beschriftungen des Holzes (Logo und\/oder Text) und deinem Widmungstext. So entsteht ein einzigartiges Pr\u00e4sent, das mehr ist als nur ein Geschenk: Es erz\u00e4hlt eine Geschichte, h\u00e4lt besondere Momente f\u00fcr die Ewigkeit fest und hinterl\u00e4sst garantiert einen bleibenden Eindruck.<\/p>\n<p>Die \u201eDicken Bretter\u201c &#8211; Jubil\u00e4um werden auf Anfrage individuell und exklusiv nach Auftrag gefertigt. Bei Interesse k\u00f6nnen die W\u00fcnsche und Preise einfach \u00fcber den unten stehenden Button &#8222;Artikel einzeln anfragen&#8220; oder per E-Mail \u00fcber <a href=\"mailto:info@spruettenhuus.de\">info@spruettenhuus.de<\/a> angefragt werden. Die Preise ermitteln sich nach der tats\u00e4chlichen Brettgr\u00f6\u00dfe und Materialeinsatz.<\/p>\n","protected":false},"excerpt":{"rendered":"<p data-start=\"78\" data-end=\"440\">Das \u201eDicke Brett\u201c &#8211; Jubil\u00e4um ist weit mehr als nur ein Geschenk \u2013 es ist ein echtes Unikat aus liebevoller Handarbeit. In einer kleinen Hobbywerkstatt entsteht aus einer s\u00e4gerauen Eichenbohle Schritt f\u00fcr Schritt ein massives Holzbrett mit Eichenlaub und Zahl als Bildmotiv, veredelt durch eine edle Goldlackierung und eine gravierte Widmungsplatte im Messinglook mit Wunschtext.<\/p>\n<p data-start=\"442\" data-end=\"664\">Dank der dezent eingearbeiteten \u00d6sen auf der R\u00fcckseite l\u00e4sst sich dein \u201eDickes Brett\u201c m\u00fchelos an der Wand pr\u00e4sentieren \u2013 und wird so zu einem besonderen Blickfang, der Geschichten erz\u00e4hlt und Erinnerungen stilvoll bewahrt. (Optional ist auch ein passender Steck-St\u00e4nder aus schwarz lackiertem Holz erh\u00e4ltlich)<\/p>\n<p>Das \u201eDicke Brett\u201c-Jubil\u00e4um wird auf Anfrage individuell f\u00fcr dich gefertigt \u2013 mit frei w\u00e4hlbaren Farbvariationen des Eichenlaubes und der Jahreszahl, pers\u00f6nlichen Beschriftungen des Holzes (Logo und\/oder Text) und deinem Widmungstext. So entsteht ein einzigartiges Pr\u00e4sent, das mehr ist als nur ein Geschenk: Es erz\u00e4hlt eine Geschichte, h\u00e4lt besondere Momente f\u00fcr die Ewigkeit fest und hinterl\u00e4sst garantiert einen bleibenden Eindruck.<\/p>\n<p>Die \u201eDicken Bretter\u201c &#8211; Jubil\u00e4um werden auf Anfrage individuell und exklusiv nach Auftrag gefertigt. Bei Interesse k\u00f6nnen die W\u00fcnsche und Preise einfach \u00fcber den unten stehenden Button &#8222;Artikel einzeln anfragen&#8220; oder per E-Mail \u00fcber <a href=\"mailto:info@spruettenhuus.de\">info@spruettenhuus.de<\/a> angefragt werden. Die Preise ermitteln sich nach der tats\u00e4chlichen Brettgr\u00f6\u00dfe und Materialeinsatz.<\/p>\n","protected":false},"featured_media":1998,"template":"","meta":[],"product_brand":[],"product_cat":[51],"product_tag":[61,52,60,71,62],"class_list":{"0":"post-1983","1":"product","2":"type-product","3":"status-publish","4":"has-post-thumbnail","6":"product_cat-bretter","7":"product_tag-bild","8":"product_tag-brett","9":"product_tag-dickes-brett","10":"product_tag-jubilaeum","11":"product_tag-photo","13":"first","14":"outofstock","15":"shipping-taxable","16":"product-type-simple"},"_links":{"self":[{"href":"https:\/\/sanierung.spruettenhuus.de\/index.php\/wp-json\/wp\/v2\/product\/1983","targetHints":{"allow":["GET"]}}],"collection":[{"href":"https:\/\/sanierung.spruettenhuus.de\/index.php\/wp-json\/wp\/v2\/product"}],"about":[{"href":"https:\/\/sanierung.spruettenhuus.de\/index.php\/wp-json\/wp\/v2\/types\/product"}],"wp:featuredmedia":[{"embeddable":true,"href":"https:\/\/sanierung.spruettenhuus.de\/index.php\/wp-json\/wp\/v2\/media\/1998"}],"wp:attachment":[{"href":"https:\/\/sanierung.spruettenhuus.de\/index.php\/wp-json\/wp\/v2\/media?parent=1983"}],"wp:term":[{"taxonomy":"product_brand","embeddable":true,"href":"https:\/\/sanierung.spruettenhuus.de\/index.php\/wp-json\/wp\/v2\/product_brand?post=1983"},{"taxonomy":"product_cat","embeddable":true,"href":"https:\/\/sanierung.spruettenhuus.de\/index.php\/wp-json\/wp\/v2\/product_cat?post=1983"},{"taxonomy":"product_tag","embeddable":true,"href":"https:\/\/sanierung.spruettenhuus.de\/index.php\/wp-json\/wp\/v2\/product_tag?post=1983"}],"curies":[{"name":"wp","href":"https:\/\/api.w.org\/{rel}","templated":true}]}}