{"id":1922,"date":"2026-03-18T07:09:16","date_gmt":"2026-03-18T07:09:16","guid":{"rendered":"https:\/\/sanierung.spruettenhuus.de\/?post_type=product&#038;p=1922"},"modified":"2026-04-09T11:25:34","modified_gmt":"2026-04-09T11:25:34","slug":"dickes-brett-trophaee","status":"publish","type":"product","link":"https:\/\/sanierung.spruettenhuus.de\/index.php\/produkt\/dickes-brett-trophaee\/","title":{"rendered":"Dickes Brett &#8211; Troph\u00e4e"},"content":{"rendered":"<p data-start=\"78\" data-end=\"440\">Das \u201eDicke Brett\u201c ist weit mehr als nur ein Geschenk \u2013 es ist ein echtes Unikat aus liebevoller Handarbeit. In einer kleinen Hobbywerkstatt entsteht aus einer s\u00e4gerauen Eichenbohle Schritt f\u00fcr Schritt ein massives Holzbrett mit individuell gestaltetem Bildmotiv, veredelt durch einen edlen Gold- oder Silberrand und eine gravierte Widmungsplatte im Messinglook.<\/p>\n<p data-start=\"442\" data-end=\"664\">Dank der dezent eingearbeiteten \u00d6sen auf der R\u00fcckseite l\u00e4sst sich dein \u201eDickes Brett\u201c m\u00fchelos an der Wand pr\u00e4sentieren \u2013 und wird so zu einem besonderen Blickfang, der Geschichten erz\u00e4hlt und Erinnerungen stilvoll bewahrt.<\/p>\n<p>Die \u201eDicke Brett\u201c-Troph\u00e4e wird auf Anfrage individuell f\u00fcr dich gefertigt \u2013 mit frei w\u00e4hlbaren Farbvariationen des Bildrandes, pers\u00f6nlichen Beschriftungen und deinem Wunschmotiv. So entsteht ein einzigartiges Pr\u00e4sent, das mehr ist als nur ein Geschenk: Es erz\u00e4hlt eine Geschichte, h\u00e4lt besondere Momente f\u00fcr die Ewigkeit fest und hinterl\u00e4sst garantiert einen bleibenden Eindruck.<\/p>\n<p>Die \u201eDicken Bretter\u201c &#8211; Troph\u00e4e werden auf Anfrage individuell und exklusiv nach Auftrag gefertigt. Bei Interesse k\u00f6nnen die W\u00fcnsche und Preise einfach \u00fcber den unten stehenden Button &#8222;Artikel einzeln anfragen&#8220; oder per E-Mail \u00fcber <a href=\"mailto:info@spruettenhuus.de\">info@spruettenhuus.de<\/a> angefragt werden. Die Preise ermitteln sich nach der tats\u00e4chlichen Brettgr\u00f6\u00dfe und Materialeinsatz.<\/p>\n","protected":false},"excerpt":{"rendered":"<p>Das \u201eDicke Brett\u201c ist weit mehr als nur ein Geschenk \u2013 es ist ein echtes Unikat aus liebevoller Handarbeit. In einer kleinen Hobbywerkstatt entsteht aus einer s\u00e4gerauen Eichenbohle Schritt f\u00fcr Schritt ein massives Holzbrett mit individuell gestaltetem Bildmotiv, veredelt durch einen edlen Gold- oder Silberrand und eine gravierte Widmungsplatte im Messinglook.<\/p>\n<p>Das \u201edicke Brett\u201c kann auf Anfrage individuell gefertigt werden \u2013 mit Farbvariationen, personalisierten Beschriftungen oder dem Austausch von Motiven. So entsteht ein besonderes Pr\u00e4sent f\u00fcr viele Anl\u00e4sse, das bleibenden Eindruck hinterl\u00e4sst.<\/p>\n<p>Die \u201eDicken Bretter\u201c &#8211; Pr\u00e4sent werden auf Anfrage individuell und exklusiv gefertigt. Bei Interesse k\u00f6nnen die W\u00fcnsche und Preise \u00fcber <a href=\"mailto:info@spruettenhuus.de\">info@spruettenhuus.de<\/a> angefragt werden.<\/p>\n","protected":false},"featured_media":1977,"template":"","meta":[],"product_brand":[],"product_cat":[51],"product_tag":[61,52,60,62,59],"class_list":{"0":"post-1922","1":"product","2":"type-product","3":"status-publish","4":"has-post-thumbnail","6":"product_cat-bretter","7":"product_tag-bild","8":"product_tag-brett","9":"product_tag-dickes-brett","10":"product_tag-photo","11":"product_tag-trophaee","13":"first","14":"outofstock","15":"shipping-taxable","16":"product-type-simple"},"_links":{"self":[{"href":"https:\/\/sanierung.spruettenhuus.de\/index.php\/wp-json\/wp\/v2\/product\/1922","targetHints":{"allow":["GET"]}}],"collection":[{"href":"https:\/\/sanierung.spruettenhuus.de\/index.php\/wp-json\/wp\/v2\/product"}],"about":[{"href":"https:\/\/sanierung.spruettenhuus.de\/index.php\/wp-json\/wp\/v2\/types\/product"}],"wp:featuredmedia":[{"embeddable":true,"href":"https:\/\/sanierung.spruettenhuus.de\/index.php\/wp-json\/wp\/v2\/media\/1977"}],"wp:attachment":[{"href":"https:\/\/sanierung.spruettenhuus.de\/index.php\/wp-json\/wp\/v2\/media?parent=1922"}],"wp:term":[{"taxonomy":"product_brand","embeddable":true,"href":"https:\/\/sanierung.spruettenhuus.de\/index.php\/wp-json\/wp\/v2\/product_brand?post=1922"},{"taxonomy":"product_cat","embeddable":true,"href":"https:\/\/sanierung.spruettenhuus.de\/index.php\/wp-json\/wp\/v2\/product_cat?post=1922"},{"taxonomy":"product_tag","embeddable":true,"href":"https:\/\/sanierung.spruettenhuus.de\/index.php\/wp-json\/wp\/v2\/product_tag?post=1922"}],"curies":[{"name":"wp","href":"https:\/\/api.w.org\/{rel}","templated":true}]}}