{"id":1916,"date":"2026-03-18T06:40:25","date_gmt":"2026-03-18T06:40:25","guid":{"rendered":"https:\/\/sanierung.spruettenhuus.de\/?post_type=product&#038;p=1916"},"modified":"2026-03-26T13:42:33","modified_gmt":"2026-03-26T13:42:33","slug":"staender-fuer-dickes-brett","status":"publish","type":"product","link":"https:\/\/sanierung.spruettenhuus.de\/index.php\/produkt\/staender-fuer-dickes-brett\/","title":{"rendered":"St\u00e4nder f\u00fcr &#8222;Dickes Brett&#8220;"},"content":{"rendered":"<p data-start=\"77\" data-end=\"314\">Der St\u00e4nder f\u00fcr das \u201edicke Brett\u201c ist aus 3 mm starkem MDF-Holz gefertigt und wird nach Wunsch lackiert. Standardm\u00e4\u00dfig wird der St\u00e4nder in Schwarz angeboten, da er so dein \u201edickes Brett\u201c am besten in Szene setzt, ohne selbst aufzufallen.<\/p>\n<p data-start=\"316\" data-end=\"474\">Mit dem St\u00e4nder kannst du dein \u201eDickes Brett\u201c \u00fcberall aufstellen und verleihst deinem Brett neben der Wandmontage eine weitere M\u00f6glichkeit, gesehen zu werden.<\/p>\n<p data-start=\"316\" data-end=\"474\">Die St\u00e4nder werden auf Anfrage individuell und exklusiv nach Auftrag gefertigt. Bei Interesse k\u00f6nnen die W\u00fcnsche und Preise einfach \u00fcber den unten stehenden Button &#8222;Artikel einzeln anfragen&#8220; oder per E-Mail \u00fcber <a href=\"mailto:info@spruettenhuus.de\">info@spruettenhuus.de<\/a> angefragt werden.<\/p>\n","protected":false},"excerpt":{"rendered":"<p data-start=\"77\" data-end=\"314\">Der St\u00e4nder f\u00fcr das \u201edicke Brett\u201c ist aus 3 mm starkem MDF-Holz gefertigt und wird nach Wunsch lackiert. Standardm\u00e4\u00dfig wird der St\u00e4nder in Schwarz angeboten, da er so dein \u201edickes Brett\u201c am besten in Szene setzt, ohne selbst aufzufallen.<\/p>\n<p data-start=\"77\" data-end=\"314\">Der St\u00e4nder ist in verschiedenen Gr\u00f6\u00dfen erh\u00e4ltlich, damit er perfekt zu dem entsprechenden &#8222;Dicken Bret&#8220; passt.<\/p>\n<p data-start=\"316\" data-end=\"474\">Mit dem St\u00e4nder kannst du dein \u201eDickes Brett\u201c \u00fcberall aufstellen und verleihst deinem Brett neben der Wandmontage eine weitere M\u00f6glichkeit, gesehen zu werden.<\/p>\n<p data-start=\"316\" data-end=\"474\">Einfach dieses Produkt f\u00fcr die gew\u00fcnschte Brettgr\u00f6\u00dfe anfragen.<\/p>\n","protected":false},"featured_media":1921,"template":"","meta":[],"product_brand":[],"product_cat":[56],"product_tag":[58,57],"class_list":{"0":"post-1916","1":"product","2":"type-product","3":"status-publish","4":"has-post-thumbnail","6":"product_cat-zubehoer","7":"product_tag-aufsteller","8":"product_tag-staender","10":"first","11":"instock","12":"shipping-taxable","13":"purchasable","14":"product-type-variable"},"_links":{"self":[{"href":"https:\/\/sanierung.spruettenhuus.de\/index.php\/wp-json\/wp\/v2\/product\/1916","targetHints":{"allow":["GET"]}}],"collection":[{"href":"https:\/\/sanierung.spruettenhuus.de\/index.php\/wp-json\/wp\/v2\/product"}],"about":[{"href":"https:\/\/sanierung.spruettenhuus.de\/index.php\/wp-json\/wp\/v2\/types\/product"}],"wp:featuredmedia":[{"embeddable":true,"href":"https:\/\/sanierung.spruettenhuus.de\/index.php\/wp-json\/wp\/v2\/media\/1921"}],"wp:attachment":[{"href":"https:\/\/sanierung.spruettenhuus.de\/index.php\/wp-json\/wp\/v2\/media?parent=1916"}],"wp:term":[{"taxonomy":"product_brand","embeddable":true,"href":"https:\/\/sanierung.spruettenhuus.de\/index.php\/wp-json\/wp\/v2\/product_brand?post=1916"},{"taxonomy":"product_cat","embeddable":true,"href":"https:\/\/sanierung.spruettenhuus.de\/index.php\/wp-json\/wp\/v2\/product_cat?post=1916"},{"taxonomy":"product_tag","embeddable":true,"href":"https:\/\/sanierung.spruettenhuus.de\/index.php\/wp-json\/wp\/v2\/product_tag?post=1916"}],"curies":[{"name":"wp","href":"https:\/\/api.w.org\/{rel}","templated":true}]}}