{"id":1897,"date":"2026-03-08T19:43:07","date_gmt":"2026-03-08T19:43:07","guid":{"rendered":"https:\/\/sanierung.spruettenhuus.de\/?post_type=product&#038;p=1897"},"modified":"2026-04-17T07:41:51","modified_gmt":"2026-04-17T07:41:51","slug":"dickes-brett-praesent","status":"publish","type":"product","link":"https:\/\/sanierung.spruettenhuus.de\/index.php\/produkt\/dickes-brett-praesent\/","title":{"rendered":"Dickes Brett &#8211; Ehrentafel"},"content":{"rendered":"<p>Das \u201edicke Brett\u201c ist mehr als nur ein Geschenk \u2013 es ist ein einzigartiges St\u00fcck Handarbeit aus einer Hobbywerkstatt. Aus einer s\u00e4gerauen Eichenbole entsteht Schritt f\u00fcr Schritt ein massives Holzbrett mit gelasertem Logo, individuell gestaltetem Koller oder anderem 3D-Objekt und gravierter Widmungsplatte im Messinglook. Dank der r\u00fcckseitig eingearbeiteten \u00d6sen l\u00e4sst es sich leicht an der Wand aufh\u00e4ngen.<\/p>\n<p>Das \u201edicke Brett\u201c kann auf Anfrage individuell gefertigt werden \u2013 mit Farbvariationen, personalisierten Beschriftungen oder dem Austausch von Motiven (bspw. Koller, Weste, Schl\u00fcssel, Zahl in Eichenlaub, Kegel, Wild, etc.). So entsteht ein besonderes Pr\u00e4sent f\u00fcr viele Anl\u00e4sse, das bleibenden Eindruck hinterl\u00e4sst.<\/p>\n<p>Die \u201eDicken Bretter\u201c &#8211; Ehrentafel werden auf Anfrage individuell und exklusiv nach Auftrag gefertigt. Bei Interesse k\u00f6nnen die W\u00fcnsche und Preise einfach \u00fcber den unten stehenden Button &#8222;Artikel einzeln anfragen&#8220; oder per E-Mail \u00fcber <a href=\"mailto:info@spruettenhuus.de\">info@spruettenhuus.de<\/a> angefragt werden. Die Preise ermitteln sich nach der tats\u00e4chlichen Brettgr\u00f6\u00dfe und Materialeinsatz.<\/p>\n","protected":false},"excerpt":{"rendered":"<p>Das \u201edicke Brett\u201c kann auf Anfrage individuell gefertigt werden \u2013 mit Farbvariationen, personalisierten Beschriftungen oder dem Austausch von Motiven. So entsteht ein besonderes Pr\u00e4sent f\u00fcr viele Anl\u00e4sse, das bleibenden Eindruck hinterl\u00e4sst.<\/p>\n<p>Die \u201eDicken Bretter\u201c &#8211; Pr\u00e4sent werden auf Anfrage individuell und exklusiv gefertigt. Bei Interesse k\u00f6nnen die W\u00fcnsche und Preise \u00fcber <a href=\"mailto:info@spruettenhuus.de\">info@spruettenhuus.de<\/a> angefragt werden.<\/p>\n","protected":false},"featured_media":1987,"template":"","meta":[],"product_brand":[],"product_cat":[51],"product_tag":[52,60,63,24,65,66,67,64,68],"class_list":{"0":"post-1897","1":"product","2":"type-product","3":"status-publish","4":"has-post-thumbnail","6":"product_cat-bretter","7":"product_tag-brett","8":"product_tag-dickes-brett","9":"product_tag-ehrentafel","10":"product_tag-eiche","11":"product_tag-koller","12":"product_tag-logo","13":"product_tag-wappen","14":"product_tag-weste","15":"product_tag-widmung","17":"first","18":"outofstock","19":"shipping-taxable","20":"product-type-simple"},"_links":{"self":[{"href":"https:\/\/sanierung.spruettenhuus.de\/index.php\/wp-json\/wp\/v2\/product\/1897","targetHints":{"allow":["GET"]}}],"collection":[{"href":"https:\/\/sanierung.spruettenhuus.de\/index.php\/wp-json\/wp\/v2\/product"}],"about":[{"href":"https:\/\/sanierung.spruettenhuus.de\/index.php\/wp-json\/wp\/v2\/types\/product"}],"wp:featuredmedia":[{"embeddable":true,"href":"https:\/\/sanierung.spruettenhuus.de\/index.php\/wp-json\/wp\/v2\/media\/1987"}],"wp:attachment":[{"href":"https:\/\/sanierung.spruettenhuus.de\/index.php\/wp-json\/wp\/v2\/media?parent=1897"}],"wp:term":[{"taxonomy":"product_brand","embeddable":true,"href":"https:\/\/sanierung.spruettenhuus.de\/index.php\/wp-json\/wp\/v2\/product_brand?post=1897"},{"taxonomy":"product_cat","embeddable":true,"href":"https:\/\/sanierung.spruettenhuus.de\/index.php\/wp-json\/wp\/v2\/product_cat?post=1897"},{"taxonomy":"product_tag","embeddable":true,"href":"https:\/\/sanierung.spruettenhuus.de\/index.php\/wp-json\/wp\/v2\/product_tag?post=1897"}],"curies":[{"name":"wp","href":"https:\/\/api.w.org\/{rel}","templated":true}]}}